{"id":1391,"date":"2024-02-05T10:12:16","date_gmt":"2024-02-05T09:12:16","guid":{"rendered":"https:\/\/wp.sedilmare.it\/?page_id=1391"},"modified":"2024-04-04T18:36:53","modified_gmt":"2024-04-04T16:36:53","slug":"policy","status":"publish","type":"page","link":"https:\/\/www.sedilmare.it\/en\/policy\/","title":{"rendered":"Policy"},"content":{"rendered":"<div data-elementor-type=\"wp-page\" data-elementor-id=\"1391\" class=\"elementor elementor-1391\" data-elementor-post-type=\"page\">\n\t\t\t\t<div class=\"elementor-element elementor-element-b5a4fd1 e-flex e-con-boxed e-con e-parent\" data-id=\"b5a4fd1\" data-element_type=\"container\" data-settings=\"{&quot;background_background&quot;:&quot;classic&quot;,&quot;motion_fx_motion_fx_scrolling&quot;:&quot;yes&quot;,&quot;motion_fx_devices&quot;:[&quot;desktop&quot;,&quot;tablet&quot;,&quot;mobile&quot;]}\">\n\t\t\t\t\t<div class=\"e-con-inner\">\n\t\t\t\t\t<\/div>\n\t\t\t\t<\/div>\n\t\t<div class=\"elementor-element elementor-element-b79088a e-flex e-con-boxed e-con e-parent\" data-id=\"b79088a\" data-element_type=\"container\">\n\t\t\t\t\t<div class=\"e-con-inner\">\n\t\t\t\t<div class=\"elementor-element elementor-element-c238e4d elementor-widget elementor-widget-text-editor\" data-id=\"c238e4d\" data-element_type=\"widget\" data-widget_type=\"text-editor.default\">\n\t\t\t\t<div class=\"elementor-widget-container\">\n\t\t\t\t\t\t\t<h4 style=\"color:#08519e;\">Informativa sulla Privacy<\/h4>\n<strong>RESA AI SENSI DEGLI ART. 13-14 DEL GDPR (GENERAL DATA PROTECTION REGULATION) 2016\/679<\/strong>\n\nSecondo la normativa indicata, tale trattamento sar\u00e0 improntato ai principi di correttezza, liceit\u00e0, trasparenza e di tutela della Sua riservatezza e dei Suoi diritti.\n<h5>TITOLARE.<\/h5>\nSedilmare s.r.l., con sede legale in Napoli alla Galleria Umberto I n. 50 &#8211; 80132 Napoli &#8211; CF. e P.IVA. 06932920637, \u00e8 titolare del trattamento dei dati personali comunicati dai clienti (i \u201cClienti\u201d) al momento della registrazione e\/o dell&#8217;iscrizione al proprio sito Internet www.sedilmare.it (il \u201cSito Internet\u201d).\n\nIl responsabile incaricato al trattamento \u00e8 il sig. Angelo Passante, all\u2019indirizzo mail angelo@sedilmare.it.\n<h5>FINALITA&#8217; DEL TRATTAMENTO.<\/h5>\nIl trattamento di dati personali \u00e8 limitato alle finalit\u00e0 per le quali sono stati raccolti.\n\nIl trattamento \u00e8 svolto in base alle condizioni di liceit\u00e0 previste ex art 6 GDPR: i dati personali comunicati dai Clienti sono trattati per soddisfare le richieste dei Clienti stessi (registrazione, iscrizione ed acquisto dei prodotti o dei servizi).\n<h5>NATURA DEL CONFERIMENTO DEI DATI E CONSEGUENZA DI UN RIFIUTO AL CONFERIMENTO.<\/h5>\nI dati richiesti dal titolare del trattamento sono identificativi (nome, cognome, sesso, indirizzo email, e, limitatamente all\u2019acquisto degli articoli presenti sul nostro sito, numero di telefono, indirizzo di abitazione, codice fiscale), mentre sono esclusi i dati sensibili e giuridici dell\u2019interessato.\n\nIl conferimento dei dati personali da parte del Cliente \u00e8 puramente volontario e costituisce condizione indispensabile, a seconda dei casi, per l&#8217;iscrizione, la registrazione o l&#8217;effettuazione di transazioni attraverso il sito Internet. Un eventuale rifiuto di fornire i dati personali determiner\u00e0 l\u2019impossibilit\u00e0 di completare l\u2019iscrizione e\/o la registrazione o di perfezionare le transazioni richieste.\n<h5>MODALITA&#8217; DEL TRATTAMENTO.<\/h5>\nI predetti dati vengono trattati sia in formato elettronico sia in via telematica, con modalit\u00e0 e strumenti volti a garantire la massima sicurezza e riservatezza e potranno essere resi accessibili al personale di Sedilmare s.r.l. debitamente incaricato al trattamento.\n<h5>SOGGETTI A CUI VERRANNO COMUNICATI I DATI<\/h5>\nI dati di natura personale forniti potranno essere comunicati a destinatari, nominati ex art. 28 del Reg. UE 2016\/679, i quali tratteranno i dati in qualit\u00e0 di responsabili e\/o in qualit\u00e0 di persone fisiche che agiscono sotto l\u2019autorit\u00e0 del Titolare e del Responsabile, al fine di ottemperare a contratti o finalit\u00e0 connesse; detti dati non saranno in alcun caso diffusi, ma potranno essere comunicati &#8211; per le medesime finalit\u00e0 per cui \u00e8 effettuata la raccolta &#8211; a terzi appartenenti alle seguenti categorie:\n\n&#8211; incaricati delle attivit\u00e0 di spedizione, consegna e restituzione dei prodotti acquistati;\n\n&#8211; partner commerciali, qualora curino la spedizione al Cliente degli articoli da questi acquistati o qualora necessitino di spedire ricevute e\/o fatture per poter offrire il servizio richiesto dal Cliente;\n\n&#8211; soggetti che forniscono servizi per la gestione del sistema informativo e delle reti di telecomunicazioni, per la gestione dei servizi di assistenza alla clientela e di produzione delle nostre Campagne.\n\n&#8211; societ\u00e0 che svolgono servizi di incasso e pagamento anche mediante carte di credito;\n\n&#8211; commercialisti, per gli adempimenti contabili e fiscali;\n\nI soggetti appartenenti alle categorie suddette svolgono la funzione di Responsabile del trattamento dei dati, oppure operano in totale autonomia come distinti Titolari del trattamento. L\u2019elenco di eventuali responsabili \u00e8 costantemente aggiornato e disponibile presso la sede del Titolare.\n<h5>TRATTAMENTO PER FINALITA&#8217; COMMERCIALI DI SEDILMARE<\/h5>\nI dati personali verranno inoltre utilizzati, solo previa accettazione del Cliente, per l&#8217;invio delle Newsletter periodiche all&#8217;indirizzo e-mail indicato al momento dell&#8217;iscrizione o della registrazione al Sito Internet, per il compimento di ricerche di mercato e l&#8217;invio di comunicazioni commerciali. Il Cliente in qualunque momento potr\u00e0 accedere al suo account e disiscriversi dal servizio di Newsletter. Il Cliente potr\u00e0 opporsi alla ricezione di Newsletter anche seguendo l&#8217;apposito link presente in ogni Newsletter.\n<h5>PERIODO DI CONSERVAZIONE O CRITERI<\/h5>\nIl trattamento sar\u00e0 svolto in forma automatizzata e\/o manuale, con modalit\u00e0 e strumenti volti a garantire la massima sicurezza e riservatezza, ad opera di soggetti a ci\u00f2 appositamente incaricati.\n\nNel rispetto di quanto previsto dall\u2019art. 5 comma 1 lett. e) del Reg. UE 2016\/679, i dati personali raccolti verranno conservati in una forma che consenta l\u2019identificazione degli interessati per un arco di tempo non superiore al conseguimento delle finalit\u00e0 per le quali i dati personali sono trattati.\n\nESERCIZIO DEI DIRITTI DEL CLIENTE\nI Clienti potranno rivolgersi a Sedilmare s.r.l. per far valere i diritti riconosciuti in favore degli interessati, come espressi dagli artt. 15, 16, 17, 18, 19, 20, 21, 22 del Regolamento UE 2016\/679.\n\nIn particolare, ciascun Cliente potr\u00e0: (I) ottenere conferma dell&#8217;esistenza o meno di dati personali che lo riguardano ed averne comunicazione in forma intelligibile; (II) conoscere l&#8217;origine dei dati, le finalit\u00e0 del trattamento e le sue modalit\u00e0, nonch\u00e9 la logica applicata al trattamento effettuato mediate strumenti elettronici; (III) chiedere l&#8217;aggiornamento, la rettificazione o &#8211; se ne ha interesse &#8211; l&#8217;integrazione dei dati che lo riguardano; (IV) ottenere la cancellazione, la trasformazione in forma anonima o il blocco dei dati eventualmente trattati in violazione della legge, nonch\u00e9 di opporsi, per motivi legittimi, al trattamento; (V) opporsi a qualunque trattamento finalizzato all&#8217;invio di materiale pubblicitario, alla vendita diretta, al compimento di ricerche di mercato e alla comunicazione commerciale, nonch\u00e9 alla portabilit\u00e0 dei dati. (VI) proporre reclamo all&#8217;autorit\u00e0 di controllo (Garante Privacy).\n\nIl Responsabile\/Titolare del Trattamento, cui \u00e8 possibile rivolgersi per esercitare i diritti di cui all&#8217;Art. 12 e\/o per eventuali chiarimenti in materia di tutela dati personali, in Sedilmare \u00e8 cos\u00ec raggiungibile:\n\na) lettera raccomandata con avviso di ricevimento all&#8217;indirizzo di Galleria Umberto I n. 50 &#8211; 80132 Napoli,\n\nb) accedendo al Sito Internet, nella sezione &#8220;Il mio account&#8221; &#8211; &#8220;Dati personali&#8221;,\n\nc) inviando una richiesta all\u2019indirizzo mail: angelo@sedilmare.it.\n<h5>COOKIES.<\/h5>\nIl nostro sito web utilizza i cookies per migliorare la navigazione. \u00c8 una pratica commerciale di uso comune e sicura. L&#8217;utente \u00e8 consapevole che, se esplora il nostro sito web, accetta l&#8217;utilizzo dei cookies. Troverai maggiori informazioni nella sezione &#8220;Politica dei Cookies&#8221;.\t\t\t\t\t\t<\/div>\n\t\t\t\t<\/div>\n\t\t\t\t\t<\/div>\n\t\t\t\t<\/div>\n\t\t\t\t<\/div>","protected":false},"excerpt":{"rendered":"<p>Informativa sulla Privacy RESA AI SENSI DEGLI ART. 13-14 DEL GDPR (GENERAL DATA PROTECTION REGULATION) 2016\/679 Secondo la normativa indicata, tale trattamento sar\u00e0 improntato ai principi di correttezza, liceit\u00e0, trasparenza e di tutela della Sua riservatezza e dei Suoi diritti. TITOLARE. Sedilmare s.r.l., con sede legale in Napoli alla Galleria Umberto I n. 50 &#8211; [&hellip;]<\/p>","protected":false},"author":1,"featured_media":0,"parent":0,"menu_order":0,"comment_status":"closed","ping_status":"closed","template":"","meta":{"footnotes":""},"class_list":["post-1391","page","type-page","status-publish","hentry"],"_links":{"self":[{"href":"https:\/\/www.sedilmare.it\/en\/wp-json\/wp\/v2\/pages\/1391","targetHints":{"allow":["GET"]}}],"collection":[{"href":"https:\/\/www.sedilmare.it\/en\/wp-json\/wp\/v2\/pages"}],"about":[{"href":"https:\/\/www.sedilmare.it\/en\/wp-json\/wp\/v2\/types\/page"}],"author":[{"embeddable":true,"href":"https:\/\/www.sedilmare.it\/en\/wp-json\/wp\/v2\/users\/1"}],"replies":[{"embeddable":true,"href":"https:\/\/www.sedilmare.it\/en\/wp-json\/wp\/v2\/comments?post=1391"}],"version-history":[{"count":13,"href":"https:\/\/www.sedilmare.it\/en\/wp-json\/wp\/v2\/pages\/1391\/revisions"}],"predecessor-version":[{"id":3225,"href":"https:\/\/www.sedilmare.it\/en\/wp-json\/wp\/v2\/pages\/1391\/revisions\/3225"}],"wp:attachment":[{"href":"https:\/\/www.sedilmare.it\/en\/wp-json\/wp\/v2\/media?parent=1391"}],"curies":[{"name":"wp","href":"https:\/\/api.w.org\/{rel}","templated":true}]}}